{"id":201,"date":"2014-06-13T17:38:10","date_gmt":"2014-06-13T17:38:10","guid":{"rendered":"http:\/\/freecanalmatrioskas.wordpress.com\/?page_id=1"},"modified":"2019-09-10T01:01:09","modified_gmt":"2019-09-09T23:01:09","slug":"about","status":"publish","type":"page","link":"https:\/\/kataproducciones.es\/matrioskas\/about\/","title":{"rendered":"Sobre nosotros"},"content":{"rendered":"\n<div class=\"wp-block-media-text alignwide\" style=\"grid-template-columns:29% auto\"><figure class=\"wp-block-media-text__media\"><img loading=\"lazy\" decoding=\"async\" width=\"1024\" height=\"848\" src=\"https:\/\/kataproducciones.es\/matrioskas\/wp-content\/uploads\/sites\/6\/2013\/10\/oxitocinacpk3d-1024x848.png\" alt=\"\" class=\"wp-image-100\"\/><\/figure><div class=\"wp-block-media-text__content\">\n<p>Free canal  matrioskas evoluciona del programa de radio Matrioskas:\u00fateros, mamas y otras crianzas que gracias al empujoncito y el apoyo de la gente de Radio Almaina (la radio libre de Granada) y a Olga Hernando, pudimos llevar a cabo la gestaci\u00f3n y nacimiento de esos documentos sonoros. Pero como todo ser vivo, el programa de radio ha evolucionado hacia algo m\u00e1s amplio, nos transformamos en un canal libre donde vamos a incluir documentos audiovisuales, siempre con el principio de difundir informaci\u00f3n sin ning\u00fan animo de lucro y desde el rigor cient\u00edfico.<\/p>\n<\/div><\/div>\n\n\n\n<p><br>\u00abMatrioskas: \u00fateros, mamas y otras crianzas\u00bb es un programa de radio en el que queremos darle cabida a todo aquello que no se dice cuando hablamos sobre sexualidad femenina, maternidad, la crianza de nuestros hijos y otros muchos temas que ir\u00e1n saliendo a partir de estos; como las matrioskas que, cuando abres una, encuentras dentro otra y, dentro de esa, otra. En cada programa tratamos un tema concreto, desde el embarazo, el parto y la lactancia hasta la educaci\u00f3n, el acompa\u00f1amiento, la alimentaci\u00f3n y el sue\u00f1o infantil. Nos acompa\u00f1ar\u00e1n especialistas y recurriremos a diversas autoras que nos dar\u00e1n una visi\u00f3n diferente de las cuestiones que ata\u00f1en al maternaje. Contaremos siempre con la inestimable colaboraci\u00f3n de nuestro querido Profesor Estrasburguer y sus invitados, que nos dar\u00e1n su particular punto de vista sobre estos temas desde una \u00f3ptica convencional, m\u00e1s pr\u00f3xima a la opini\u00f3n p\u00fablica.<\/p>\n\n\n<p><iframe loading=\"lazy\" title=\"Freecanalmatrioskas -Radio Matrioskas\" src=\"https:\/\/player.vimeo.com\/video\/122250209?dnt=1&amp;app_id=122963\" width=\"1140\" height=\"641\" frameborder=\"0\" allow=\"autoplay; fullscreen\" allowfullscreen><\/iframe><\/p>\n\n\n\n<p><span style=\"font-style: inherit; line-height: 1.625;\">Acompa\u00f1ado de m\u00fasicas libres de diversas partes del mundo que ir\u00e1n en l\u00ednea con cada tema, el programa desea ser un punto de partida para el debate. En el blog se a\u00f1aden bibliograf\u00edas y otros recursos relativos al tema tratado en cada episodio, y la direcci\u00f3n de correo electr\u00f3nico de Matrioskas est\u00e1 siempre abierta a las sugerencias y consultas de las y los oyentes: uterosmamasyotrascrianzas@gmail.com<\/span><\/p>\n","protected":false},"excerpt":{"rendered":"<p>Free canal matrioskas evoluciona del programa de radio Matrioskas:\u00fateros, mamas y otras crianzas que gracias al empujoncito y el apoyo de la gente de Radio Almaina (la radio libre de Granada) y a Olga Hernando, pudimos llevar a cabo la gestaci\u00f3n y nacimiento de esos documentos sonoros. Pero como todo ser vivo, el programa de [&hellip;]<\/p>\n","protected":false},"author":4,"featured_media":383,"parent":0,"menu_order":0,"comment_status":"open","ping_status":"open","template":"","meta":{"footnotes":""},"class_list":["post-201","page","type-page","status-publish","has-post-thumbnail","czr-hentry"],"yoast_head":"<!-- This site is optimized with the Yoast SEO plugin v26.3 - https:\/\/yoast.com\/wordpress\/plugins\/seo\/ -->\n<title>Sobre nosotros - Free Canal MatriosKas<\/title>\n<meta name=\"robots\" content=\"index, follow, max-snippet:-1, max-image-preview:large, max-video-preview:-1\" \/>\n<link rel=\"canonical\" href=\"https:\/\/kataproducciones.es\/matrioskas\/about\/\" \/>\n<meta property=\"og:locale\" content=\"es_ES\" \/>\n<meta property=\"og:type\" content=\"article\" \/>\n<meta property=\"og:title\" content=\"Sobre nosotros - Free Canal MatriosKas\" \/>\n<meta property=\"og:description\" content=\"Free canal matrioskas evoluciona del programa de radio Matrioskas:\u00fateros, mamas y otras crianzas que gracias al empujoncito y el apoyo de la gente de Radio Almaina (la radio libre de Granada) y a Olga Hernando, pudimos llevar a cabo la gestaci\u00f3n y nacimiento de esos documentos sonoros. Pero como todo ser vivo, el programa de [&hellip;]\" \/>\n<meta property=\"og:url\" content=\"https:\/\/kataproducciones.es\/matrioskas\/about\/\" \/>\n<meta property=\"og:site_name\" content=\"Free Canal MatriosKas\" \/>\n<meta property=\"article:modified_time\" content=\"2019-09-09T23:01:09+00:00\" \/>\n<meta property=\"og:image\" content=\"https:\/\/kataproducciones.es\/matrioskas\/wp-content\/uploads\/sites\/6\/2015\/03\/matrioskas-1.jpg\" \/>\n\t<meta property=\"og:image:width\" content=\"200\" \/>\n\t<meta property=\"og:image:height\" content=\"288\" \/>\n\t<meta property=\"og:image:type\" content=\"image\/jpeg\" \/>\n<meta name=\"twitter:card\" content=\"summary_large_image\" \/>\n<meta name=\"twitter:label1\" content=\"Tiempo de lectura\" \/>\n\t<meta name=\"twitter:data1\" content=\"2 minutos\" \/>\n<script type=\"application\/ld+json\" class=\"yoast-schema-graph\">{\"@context\":\"https:\/\/schema.org\",\"@graph\":[{\"@type\":\"WebPage\",\"@id\":\"https:\/\/kataproducciones.es\/matrioskas\/about\/\",\"url\":\"https:\/\/kataproducciones.es\/matrioskas\/about\/\",\"name\":\"Sobre nosotros - Free Canal MatriosKas\",\"isPartOf\":{\"@id\":\"https:\/\/kataproducciones.es\/matrioskas\/#website\"},\"primaryImageOfPage\":{\"@id\":\"https:\/\/kataproducciones.es\/matrioskas\/about\/#primaryimage\"},\"image\":{\"@id\":\"https:\/\/kataproducciones.es\/matrioskas\/about\/#primaryimage\"},\"thumbnailUrl\":\"https:\/\/kataproducciones.es\/matrioskas\/wp-content\/uploads\/sites\/6\/2015\/03\/matrioskas-1.jpg\",\"datePublished\":\"2014-06-13T17:38:10+00:00\",\"dateModified\":\"2019-09-09T23:01:09+00:00\",\"breadcrumb\":{\"@id\":\"https:\/\/kataproducciones.es\/matrioskas\/about\/#breadcrumb\"},\"inLanguage\":\"es\",\"potentialAction\":[{\"@type\":\"ReadAction\",\"target\":[\"https:\/\/kataproducciones.es\/matrioskas\/about\/\"]}]},{\"@type\":\"ImageObject\",\"inLanguage\":\"es\",\"@id\":\"https:\/\/kataproducciones.es\/matrioskas\/about\/#primaryimage\",\"url\":\"https:\/\/kataproducciones.es\/matrioskas\/wp-content\/uploads\/sites\/6\/2015\/03\/matrioskas-1.jpg\",\"contentUrl\":\"https:\/\/kataproducciones.es\/matrioskas\/wp-content\/uploads\/sites\/6\/2015\/03\/matrioskas-1.jpg\",\"width\":200,\"height\":288},{\"@type\":\"BreadcrumbList\",\"@id\":\"https:\/\/kataproducciones.es\/matrioskas\/about\/#breadcrumb\",\"itemListElement\":[{\"@type\":\"ListItem\",\"position\":1,\"name\":\"Portada\",\"item\":\"https:\/\/kataproducciones.es\/matrioskas\/\"},{\"@type\":\"ListItem\",\"position\":2,\"name\":\"Sobre nosotros\"}]},{\"@type\":\"WebSite\",\"@id\":\"https:\/\/kataproducciones.es\/matrioskas\/#website\",\"url\":\"https:\/\/kataproducciones.es\/matrioskas\/\",\"name\":\"Free Canal MatriosKas\",\"description\":\"\u00dateros, mamas y otras crianzas\",\"publisher\":{\"@id\":\"https:\/\/kataproducciones.es\/matrioskas\/#\/schema\/person\/007d741f44a769da580f040659521923\"},\"potentialAction\":[{\"@type\":\"SearchAction\",\"target\":{\"@type\":\"EntryPoint\",\"urlTemplate\":\"https:\/\/kataproducciones.es\/matrioskas\/?s={search_term_string}\"},\"query-input\":{\"@type\":\"PropertyValueSpecification\",\"valueRequired\":true,\"valueName\":\"search_term_string\"}}],\"inLanguage\":\"es\"},{\"@type\":[\"Person\",\"Organization\"],\"@id\":\"https:\/\/kataproducciones.es\/matrioskas\/#\/schema\/person\/007d741f44a769da580f040659521923\",\"name\":\"Kata Producciones\",\"logo\":{\"@id\":\"https:\/\/kataproducciones.es\/matrioskas\/#\/schema\/person\/image\/\"}}]}<\/script>\n<!-- \/ Yoast SEO plugin. -->","yoast_head_json":{"title":"Sobre nosotros - Free Canal MatriosKas","robots":{"index":"index","follow":"follow","max-snippet":"max-snippet:-1","max-image-preview":"max-image-preview:large","max-video-preview":"max-video-preview:-1"},"canonical":"https:\/\/kataproducciones.es\/matrioskas\/about\/","og_locale":"es_ES","og_type":"article","og_title":"Sobre nosotros - Free Canal MatriosKas","og_description":"Free canal matrioskas evoluciona del programa de radio Matrioskas:\u00fateros, mamas y otras crianzas que gracias al empujoncito y el apoyo de la gente de Radio Almaina (la radio libre de Granada) y a Olga Hernando, pudimos llevar a cabo la gestaci\u00f3n y nacimiento de esos documentos sonoros. Pero como todo ser vivo, el programa de [&hellip;]","og_url":"https:\/\/kataproducciones.es\/matrioskas\/about\/","og_site_name":"Free Canal MatriosKas","article_modified_time":"2019-09-09T23:01:09+00:00","og_image":[{"width":200,"height":288,"url":"https:\/\/kataproducciones.es\/matrioskas\/wp-content\/uploads\/sites\/6\/2015\/03\/matrioskas-1.jpg","type":"image\/jpeg"}],"twitter_card":"summary_large_image","twitter_misc":{"Tiempo de lectura":"2 minutos"},"schema":{"@context":"https:\/\/schema.org","@graph":[{"@type":"WebPage","@id":"https:\/\/kataproducciones.es\/matrioskas\/about\/","url":"https:\/\/kataproducciones.es\/matrioskas\/about\/","name":"Sobre nosotros - Free Canal MatriosKas","isPartOf":{"@id":"https:\/\/kataproducciones.es\/matrioskas\/#website"},"primaryImageOfPage":{"@id":"https:\/\/kataproducciones.es\/matrioskas\/about\/#primaryimage"},"image":{"@id":"https:\/\/kataproducciones.es\/matrioskas\/about\/#primaryimage"},"thumbnailUrl":"https:\/\/kataproducciones.es\/matrioskas\/wp-content\/uploads\/sites\/6\/2015\/03\/matrioskas-1.jpg","datePublished":"2014-06-13T17:38:10+00:00","dateModified":"2019-09-09T23:01:09+00:00","breadcrumb":{"@id":"https:\/\/kataproducciones.es\/matrioskas\/about\/#breadcrumb"},"inLanguage":"es","potentialAction":[{"@type":"ReadAction","target":["https:\/\/kataproducciones.es\/matrioskas\/about\/"]}]},{"@type":"ImageObject","inLanguage":"es","@id":"https:\/\/kataproducciones.es\/matrioskas\/about\/#primaryimage","url":"https:\/\/kataproducciones.es\/matrioskas\/wp-content\/uploads\/sites\/6\/2015\/03\/matrioskas-1.jpg","contentUrl":"https:\/\/kataproducciones.es\/matrioskas\/wp-content\/uploads\/sites\/6\/2015\/03\/matrioskas-1.jpg","width":200,"height":288},{"@type":"BreadcrumbList","@id":"https:\/\/kataproducciones.es\/matrioskas\/about\/#breadcrumb","itemListElement":[{"@type":"ListItem","position":1,"name":"Portada","item":"https:\/\/kataproducciones.es\/matrioskas\/"},{"@type":"ListItem","position":2,"name":"Sobre nosotros"}]},{"@type":"WebSite","@id":"https:\/\/kataproducciones.es\/matrioskas\/#website","url":"https:\/\/kataproducciones.es\/matrioskas\/","name":"Free Canal MatriosKas","description":"\u00dateros, mamas y otras crianzas","publisher":{"@id":"https:\/\/kataproducciones.es\/matrioskas\/#\/schema\/person\/007d741f44a769da580f040659521923"},"potentialAction":[{"@type":"SearchAction","target":{"@type":"EntryPoint","urlTemplate":"https:\/\/kataproducciones.es\/matrioskas\/?s={search_term_string}"},"query-input":{"@type":"PropertyValueSpecification","valueRequired":true,"valueName":"search_term_string"}}],"inLanguage":"es"},{"@type":["Person","Organization"],"@id":"https:\/\/kataproducciones.es\/matrioskas\/#\/schema\/person\/007d741f44a769da580f040659521923","name":"Kata Producciones","logo":{"@id":"https:\/\/kataproducciones.es\/matrioskas\/#\/schema\/person\/image\/"}}]}},"_links":{"self":[{"href":"https:\/\/kataproducciones.es\/matrioskas\/wp-json\/wp\/v2\/pages\/201","targetHints":{"allow":["GET"]}}],"collection":[{"href":"https:\/\/kataproducciones.es\/matrioskas\/wp-json\/wp\/v2\/pages"}],"about":[{"href":"https:\/\/kataproducciones.es\/matrioskas\/wp-json\/wp\/v2\/types\/page"}],"author":[{"embeddable":true,"href":"https:\/\/kataproducciones.es\/matrioskas\/wp-json\/wp\/v2\/users\/4"}],"replies":[{"embeddable":true,"href":"https:\/\/kataproducciones.es\/matrioskas\/wp-json\/wp\/v2\/comments?post=201"}],"version-history":[{"count":4,"href":"https:\/\/kataproducciones.es\/matrioskas\/wp-json\/wp\/v2\/pages\/201\/revisions"}],"predecessor-version":[{"id":595,"href":"https:\/\/kataproducciones.es\/matrioskas\/wp-json\/wp\/v2\/pages\/201\/revisions\/595"}],"wp:featuredmedia":[{"embeddable":true,"href":"https:\/\/kataproducciones.es\/matrioskas\/wp-json\/wp\/v2\/media\/383"}],"wp:attachment":[{"href":"https:\/\/kataproducciones.es\/matrioskas\/wp-json\/wp\/v2\/media?parent=201"}],"curies":[{"name":"wp","href":"https:\/\/api.w.org\/{rel}","templated":true}]}}