{"id":77,"date":"2019-11-16T20:15:17","date_gmt":"2019-11-16T19:15:17","guid":{"rendered":"https:\/\/kataproducciones.es\/edukata\/?page_id=77"},"modified":"2023-09-13T22:20:43","modified_gmt":"2023-09-13T20:20:43","slug":"tablas-para-la-vida","status":"publish","type":"page","link":"https:\/\/kataproducciones.es\/edukata\/tablas-para-la-vida\/","title":{"rendered":"Tablas para la vida"},"content":{"rendered":"\n<p><em> En KATA PRODUCCIONES confiamos en los procesos creadores compartidos por personas de edades muy dispares, sin que ello sea un perjuicio para la creaci\u00f3n colectiva de la clase grupal, de hecho enriquece el resultado final. Es un reto que afrontamos con ganas y confianza, apostando por un cambio de paradigma en la manera de ense\u00f1ar, inspirado en la <a href=\"https:\/\/dirayaexpresion.es\/\" target=\"_blank\" rel=\"noreferrer noopener\">Educaci\u00f3n Creadora. <\/a><\/em><\/p>\n\n\n\n<p><em>Adaptamos nuestros 6 bloques tem\u00e1ticos individualmente seg\u00fan las edades y etapas de desarrollo espec\u00edficas de cada participante:<\/em><\/p>\n\n\n\n<p> T\u00e9cnicas de voz y cuerpo, Dramaturgia de la persona que act\u00faa, An\u00e1lisis de texto, Construcci\u00f3n del personaje, Interpretaci\u00f3n y Entrenamiento actoral.<\/p>\n","protected":false},"excerpt":{"rendered":"<p>En KATA PRODUCCIONES confiamos en los procesos creadores compartidos por personas de edades muy dispares, sin que ello sea un perjuicio para la creaci\u00f3n colectiva de la clase grupal, de hecho enriquece el resultado final. Es un reto que afrontamos con ganas y confianza, apostando por un cambio de paradigma &hellip;<\/p>\n","protected":false},"author":1,"featured_media":0,"parent":0,"menu_order":0,"comment_status":"closed","ping_status":"closed","template":"","meta":{"footnotes":""},"class_list":["post-77","page","type-page","status-publish","hentry"],"yoast_head":"<!-- This site is optimized with the Yoast SEO plugin v27.4 - https:\/\/yoast.com\/product\/yoast-seo-wordpress\/ -->\n<title>Tablas para la vida - EduKata<\/title>\n<meta name=\"robots\" content=\"index, follow, max-snippet:-1, max-image-preview:large, max-video-preview:-1\" \/>\n<link rel=\"canonical\" href=\"https:\/\/kataproducciones.es\/edukata\/tablas-para-la-vida\/\" \/>\n<meta property=\"og:locale\" content=\"es_ES\" \/>\n<meta property=\"og:type\" content=\"article\" \/>\n<meta property=\"og:title\" content=\"Tablas para la vida - EduKata\" \/>\n<meta property=\"og:description\" content=\"En KATA PRODUCCIONES confiamos en los procesos creadores compartidos por personas de edades muy dispares, sin que ello sea un perjuicio para la creaci\u00f3n colectiva de la clase grupal, de hecho enriquece el resultado final. Es un reto que afrontamos con ganas y confianza, apostando por un cambio de paradigma &hellip;\" \/>\n<meta property=\"og:url\" content=\"https:\/\/kataproducciones.es\/edukata\/tablas-para-la-vida\/\" \/>\n<meta property=\"og:site_name\" content=\"EduKata\" \/>\n<meta property=\"article:modified_time\" content=\"2023-09-13T20:20:43+00:00\" \/>\n<meta name=\"twitter:card\" content=\"summary_large_image\" \/>\n<meta name=\"twitter:label1\" content=\"Tiempo de lectura\" \/>\n\t<meta name=\"twitter:data1\" content=\"1 minuto\" \/>\n<script type=\"application\/ld+json\" class=\"yoast-schema-graph\">{\"@context\":\"https:\\\/\\\/schema.org\",\"@graph\":[{\"@type\":\"WebPage\",\"@id\":\"https:\\\/\\\/kataproducciones.es\\\/edukata\\\/tablas-para-la-vida\\\/\",\"url\":\"https:\\\/\\\/kataproducciones.es\\\/edukata\\\/tablas-para-la-vida\\\/\",\"name\":\"Tablas para la vida - EduKata\",\"isPartOf\":{\"@id\":\"https:\\\/\\\/kataproducciones.es\\\/edukata\\\/#website\"},\"datePublished\":\"2019-11-16T19:15:17+00:00\",\"dateModified\":\"2023-09-13T20:20:43+00:00\",\"breadcrumb\":{\"@id\":\"https:\\\/\\\/kataproducciones.es\\\/edukata\\\/tablas-para-la-vida\\\/#breadcrumb\"},\"inLanguage\":\"es\",\"potentialAction\":[{\"@type\":\"ReadAction\",\"target\":[\"https:\\\/\\\/kataproducciones.es\\\/edukata\\\/tablas-para-la-vida\\\/\"]}]},{\"@type\":\"BreadcrumbList\",\"@id\":\"https:\\\/\\\/kataproducciones.es\\\/edukata\\\/tablas-para-la-vida\\\/#breadcrumb\",\"itemListElement\":[{\"@type\":\"ListItem\",\"position\":1,\"name\":\"Portada\",\"item\":\"https:\\\/\\\/kataproducciones.es\\\/edukata\\\/\"},{\"@type\":\"ListItem\",\"position\":2,\"name\":\"Tablas para la vida\"}]},{\"@type\":\"WebSite\",\"@id\":\"https:\\\/\\\/kataproducciones.es\\\/edukata\\\/#website\",\"url\":\"https:\\\/\\\/kataproducciones.es\\\/edukata\\\/\",\"name\":\"EduKata\",\"description\":\"\",\"potentialAction\":[{\"@type\":\"SearchAction\",\"target\":{\"@type\":\"EntryPoint\",\"urlTemplate\":\"https:\\\/\\\/kataproducciones.es\\\/edukata\\\/?s={search_term_string}\"},\"query-input\":{\"@type\":\"PropertyValueSpecification\",\"valueRequired\":true,\"valueName\":\"search_term_string\"}}],\"inLanguage\":\"es\"}]}<\/script>\n<!-- \/ Yoast SEO plugin. -->","yoast_head_json":{"title":"Tablas para la vida - EduKata","robots":{"index":"index","follow":"follow","max-snippet":"max-snippet:-1","max-image-preview":"max-image-preview:large","max-video-preview":"max-video-preview:-1"},"canonical":"https:\/\/kataproducciones.es\/edukata\/tablas-para-la-vida\/","og_locale":"es_ES","og_type":"article","og_title":"Tablas para la vida - EduKata","og_description":"En KATA PRODUCCIONES confiamos en los procesos creadores compartidos por personas de edades muy dispares, sin que ello sea un perjuicio para la creaci\u00f3n colectiva de la clase grupal, de hecho enriquece el resultado final. Es un reto que afrontamos con ganas y confianza, apostando por un cambio de paradigma &hellip;","og_url":"https:\/\/kataproducciones.es\/edukata\/tablas-para-la-vida\/","og_site_name":"EduKata","article_modified_time":"2023-09-13T20:20:43+00:00","twitter_card":"summary_large_image","twitter_misc":{"Tiempo de lectura":"1 minuto"},"schema":{"@context":"https:\/\/schema.org","@graph":[{"@type":"WebPage","@id":"https:\/\/kataproducciones.es\/edukata\/tablas-para-la-vida\/","url":"https:\/\/kataproducciones.es\/edukata\/tablas-para-la-vida\/","name":"Tablas para la vida - EduKata","isPartOf":{"@id":"https:\/\/kataproducciones.es\/edukata\/#website"},"datePublished":"2019-11-16T19:15:17+00:00","dateModified":"2023-09-13T20:20:43+00:00","breadcrumb":{"@id":"https:\/\/kataproducciones.es\/edukata\/tablas-para-la-vida\/#breadcrumb"},"inLanguage":"es","potentialAction":[{"@type":"ReadAction","target":["https:\/\/kataproducciones.es\/edukata\/tablas-para-la-vida\/"]}]},{"@type":"BreadcrumbList","@id":"https:\/\/kataproducciones.es\/edukata\/tablas-para-la-vida\/#breadcrumb","itemListElement":[{"@type":"ListItem","position":1,"name":"Portada","item":"https:\/\/kataproducciones.es\/edukata\/"},{"@type":"ListItem","position":2,"name":"Tablas para la vida"}]},{"@type":"WebSite","@id":"https:\/\/kataproducciones.es\/edukata\/#website","url":"https:\/\/kataproducciones.es\/edukata\/","name":"EduKata","description":"","potentialAction":[{"@type":"SearchAction","target":{"@type":"EntryPoint","urlTemplate":"https:\/\/kataproducciones.es\/edukata\/?s={search_term_string}"},"query-input":{"@type":"PropertyValueSpecification","valueRequired":true,"valueName":"search_term_string"}}],"inLanguage":"es"}]}},"_links":{"self":[{"href":"https:\/\/kataproducciones.es\/edukata\/wp-json\/wp\/v2\/pages\/77","targetHints":{"allow":["GET"]}}],"collection":[{"href":"https:\/\/kataproducciones.es\/edukata\/wp-json\/wp\/v2\/pages"}],"about":[{"href":"https:\/\/kataproducciones.es\/edukata\/wp-json\/wp\/v2\/types\/page"}],"author":[{"embeddable":true,"href":"https:\/\/kataproducciones.es\/edukata\/wp-json\/wp\/v2\/users\/1"}],"replies":[{"embeddable":true,"href":"https:\/\/kataproducciones.es\/edukata\/wp-json\/wp\/v2\/comments?post=77"}],"version-history":[{"count":7,"href":"https:\/\/kataproducciones.es\/edukata\/wp-json\/wp\/v2\/pages\/77\/revisions"}],"predecessor-version":[{"id":378,"href":"https:\/\/kataproducciones.es\/edukata\/wp-json\/wp\/v2\/pages\/77\/revisions\/378"}],"wp:attachment":[{"href":"https:\/\/kataproducciones.es\/edukata\/wp-json\/wp\/v2\/media?parent=77"}],"curies":[{"name":"wp","href":"https:\/\/api.w.org\/{rel}","templated":true}]}}