{"id":109,"date":"2019-11-17T23:39:00","date_gmt":"2019-11-17T22:39:00","guid":{"rendered":"https:\/\/kataproducciones.es\/dreams\/?page_id=109"},"modified":"2023-08-31T23:39:58","modified_gmt":"2023-08-31T21:39:58","slug":"cuentos-para-sonar","status":"publish","type":"page","link":"https:\/\/kataproducciones.es\/dreamskata\/cuentos-para-sonar\/","title":{"rendered":"Cuentos para so\u00f1ar"},"content":{"rendered":"\n<p>Creamos textos para crecer, en los que las protagonistas son las <em>emociones<\/em>, esas grandes desconocidas y muchas veces incomprendidas.<\/p>\n\n\n\n<p>Contamos historias muy parecidas a las de siempre y sin embargo todas tienen algo diferente y que las hace inolvidables, cambiamos los <strong>finales<\/strong> <em>para mostrar otras perspectivas <\/em>que suelen pasar inadvertidas.<\/p>\n\n\n\n<p>Escribimos versiones dramat\u00fargicas de fen\u00f3menos naturales con las que la <em>divulgaci\u00f3n cient\u00edfica<\/em> ser\u00e1 una experiencia extraordinariamente divertida y emocionante<\/p>\n","protected":false},"excerpt":{"rendered":"<p>Creamos textos para crecer, en los que las protagonistas son las emociones, esas grandes desconocidas y muchas veces incomprendidas. Contamos historias muy [&hellip;]<\/p>\n","protected":false},"author":1,"featured_media":0,"parent":0,"menu_order":0,"comment_status":"closed","ping_status":"closed","template":"","meta":{"footnotes":""},"class_list":["post-109","page","type-page","status-publish","hentry"],"yoast_head":"<!-- This site is optimized with the Yoast SEO plugin v26.3 - https:\/\/yoast.com\/wordpress\/plugins\/seo\/ -->\n<title>Cuentos para so\u00f1ar - DreamsKata<\/title>\n<meta name=\"robots\" content=\"index, follow, max-snippet:-1, max-image-preview:large, max-video-preview:-1\" \/>\n<link rel=\"canonical\" href=\"https:\/\/kataproducciones.es\/dreamskata\/cuentos-para-sonar\/\" \/>\n<meta property=\"og:locale\" content=\"es_ES\" \/>\n<meta property=\"og:type\" content=\"article\" \/>\n<meta property=\"og:title\" content=\"Cuentos para so\u00f1ar - DreamsKata\" \/>\n<meta property=\"og:description\" content=\"Creamos textos para crecer, en los que las protagonistas son las emociones, esas grandes desconocidas y muchas veces incomprendidas. Contamos historias muy [&hellip;]\" \/>\n<meta property=\"og:url\" content=\"https:\/\/kataproducciones.es\/dreamskata\/cuentos-para-sonar\/\" \/>\n<meta property=\"og:site_name\" content=\"DreamsKata\" \/>\n<meta property=\"article:modified_time\" content=\"2023-08-31T21:39:58+00:00\" \/>\n<meta name=\"twitter:card\" content=\"summary_large_image\" \/>\n<meta name=\"twitter:label1\" content=\"Tiempo de lectura\" \/>\n\t<meta name=\"twitter:data1\" content=\"1 minuto\" \/>\n<script type=\"application\/ld+json\" class=\"yoast-schema-graph\">{\"@context\":\"https:\/\/schema.org\",\"@graph\":[{\"@type\":\"WebPage\",\"@id\":\"https:\/\/kataproducciones.es\/dreamskata\/cuentos-para-sonar\/\",\"url\":\"https:\/\/kataproducciones.es\/dreamskata\/cuentos-para-sonar\/\",\"name\":\"Cuentos para so\u00f1ar - DreamsKata\",\"isPartOf\":{\"@id\":\"https:\/\/kataproducciones.es\/dreamskata\/#website\"},\"datePublished\":\"2019-11-17T22:39:00+00:00\",\"dateModified\":\"2023-08-31T21:39:58+00:00\",\"breadcrumb\":{\"@id\":\"https:\/\/kataproducciones.es\/dreamskata\/cuentos-para-sonar\/#breadcrumb\"},\"inLanguage\":\"es\",\"potentialAction\":[{\"@type\":\"ReadAction\",\"target\":[\"https:\/\/kataproducciones.es\/dreamskata\/cuentos-para-sonar\/\"]}]},{\"@type\":\"BreadcrumbList\",\"@id\":\"https:\/\/kataproducciones.es\/dreamskata\/cuentos-para-sonar\/#breadcrumb\",\"itemListElement\":[{\"@type\":\"ListItem\",\"position\":1,\"name\":\"Portada\",\"item\":\"https:\/\/kataproducciones.es\/dreamskata\/\"},{\"@type\":\"ListItem\",\"position\":2,\"name\":\"Cuentos para so\u00f1ar\"}]},{\"@type\":\"WebSite\",\"@id\":\"https:\/\/kataproducciones.es\/dreamskata\/#website\",\"url\":\"https:\/\/kataproducciones.es\/dreamskata\/\",\"name\":\"DreamsKata\",\"description\":\"\",\"potentialAction\":[{\"@type\":\"SearchAction\",\"target\":{\"@type\":\"EntryPoint\",\"urlTemplate\":\"https:\/\/kataproducciones.es\/dreamskata\/?s={search_term_string}\"},\"query-input\":{\"@type\":\"PropertyValueSpecification\",\"valueRequired\":true,\"valueName\":\"search_term_string\"}}],\"inLanguage\":\"es\"}]}<\/script>\n<!-- \/ Yoast SEO plugin. -->","yoast_head_json":{"title":"Cuentos para so\u00f1ar - DreamsKata","robots":{"index":"index","follow":"follow","max-snippet":"max-snippet:-1","max-image-preview":"max-image-preview:large","max-video-preview":"max-video-preview:-1"},"canonical":"https:\/\/kataproducciones.es\/dreamskata\/cuentos-para-sonar\/","og_locale":"es_ES","og_type":"article","og_title":"Cuentos para so\u00f1ar - DreamsKata","og_description":"Creamos textos para crecer, en los que las protagonistas son las emociones, esas grandes desconocidas y muchas veces incomprendidas. Contamos historias muy [&hellip;]","og_url":"https:\/\/kataproducciones.es\/dreamskata\/cuentos-para-sonar\/","og_site_name":"DreamsKata","article_modified_time":"2023-08-31T21:39:58+00:00","twitter_card":"summary_large_image","twitter_misc":{"Tiempo de lectura":"1 minuto"},"schema":{"@context":"https:\/\/schema.org","@graph":[{"@type":"WebPage","@id":"https:\/\/kataproducciones.es\/dreamskata\/cuentos-para-sonar\/","url":"https:\/\/kataproducciones.es\/dreamskata\/cuentos-para-sonar\/","name":"Cuentos para so\u00f1ar - DreamsKata","isPartOf":{"@id":"https:\/\/kataproducciones.es\/dreamskata\/#website"},"datePublished":"2019-11-17T22:39:00+00:00","dateModified":"2023-08-31T21:39:58+00:00","breadcrumb":{"@id":"https:\/\/kataproducciones.es\/dreamskata\/cuentos-para-sonar\/#breadcrumb"},"inLanguage":"es","potentialAction":[{"@type":"ReadAction","target":["https:\/\/kataproducciones.es\/dreamskata\/cuentos-para-sonar\/"]}]},{"@type":"BreadcrumbList","@id":"https:\/\/kataproducciones.es\/dreamskata\/cuentos-para-sonar\/#breadcrumb","itemListElement":[{"@type":"ListItem","position":1,"name":"Portada","item":"https:\/\/kataproducciones.es\/dreamskata\/"},{"@type":"ListItem","position":2,"name":"Cuentos para so\u00f1ar"}]},{"@type":"WebSite","@id":"https:\/\/kataproducciones.es\/dreamskata\/#website","url":"https:\/\/kataproducciones.es\/dreamskata\/","name":"DreamsKata","description":"","potentialAction":[{"@type":"SearchAction","target":{"@type":"EntryPoint","urlTemplate":"https:\/\/kataproducciones.es\/dreamskata\/?s={search_term_string}"},"query-input":{"@type":"PropertyValueSpecification","valueRequired":true,"valueName":"search_term_string"}}],"inLanguage":"es"}]}},"_links":{"self":[{"href":"https:\/\/kataproducciones.es\/dreamskata\/wp-json\/wp\/v2\/pages\/109","targetHints":{"allow":["GET"]}}],"collection":[{"href":"https:\/\/kataproducciones.es\/dreamskata\/wp-json\/wp\/v2\/pages"}],"about":[{"href":"https:\/\/kataproducciones.es\/dreamskata\/wp-json\/wp\/v2\/types\/page"}],"author":[{"embeddable":true,"href":"https:\/\/kataproducciones.es\/dreamskata\/wp-json\/wp\/v2\/users\/1"}],"replies":[{"embeddable":true,"href":"https:\/\/kataproducciones.es\/dreamskata\/wp-json\/wp\/v2\/comments?post=109"}],"version-history":[{"count":2,"href":"https:\/\/kataproducciones.es\/dreamskata\/wp-json\/wp\/v2\/pages\/109\/revisions"}],"predecessor-version":[{"id":277,"href":"https:\/\/kataproducciones.es\/dreamskata\/wp-json\/wp\/v2\/pages\/109\/revisions\/277"}],"wp:attachment":[{"href":"https:\/\/kataproducciones.es\/dreamskata\/wp-json\/wp\/v2\/media?parent=109"}],"curies":[{"name":"wp","href":"https:\/\/api.w.org\/{rel}","templated":true}]}}