{"id":107,"date":"2019-11-17T23:35:00","date_gmt":"2019-11-17T22:35:00","guid":{"rendered":"https:\/\/kataproducciones.es\/dreams\/?page_id=107"},"modified":"2023-08-31T23:36:58","modified_gmt":"2023-08-31T21:36:58","slug":"recicrea","status":"publish","type":"page","link":"https:\/\/kataproducciones.es\/dreamskata\/recicrea\/","title":{"rendered":"Recicrea"},"content":{"rendered":"\n<p>Dise\u00f1amos talleres para las personas m\u00e1s peques, de 6 a 11 a\u00f1os aproximadamente, donde podr\u00e1n cambiar el final de sus cuentos favoritos, construirse un micro-teatro o teatrillo de t\u00edteres, y llevarse a casa mucha m\u00e1s confianza en su capacidad para contar historias.<\/p>\n\n\n\n<p>Ofrecemos jornadas de creaci\u00f3n literaria en las que tendr\u00e1n la oportunidad de reescribir los cuentos que elijan o crear uno nuevo de su propia cosecha.<\/p>\n\n\n\n<p>Tendr\u00e1n la oportunidad de hacer su propio micro-teatro con materiales reutilizados, para contar su cuento y para poner en marcha la rueda de los Objetivos de Desarrollo Sostenible presentes en todos los \u00e1mbitos de nuestra realidad actual.<\/p>\n","protected":false},"excerpt":{"rendered":"<p>Dise\u00f1amos talleres para las personas m\u00e1s peques, de 6 a 11 a\u00f1os aproximadamente, donde podr\u00e1n cambiar el final de sus cuentos favoritos, [&hellip;]<\/p>\n","protected":false},"author":1,"featured_media":0,"parent":0,"menu_order":0,"comment_status":"closed","ping_status":"closed","template":"","meta":{"footnotes":""},"class_list":["post-107","page","type-page","status-publish","hentry"],"yoast_head":"<!-- This site is optimized with the Yoast SEO plugin v26.3 - https:\/\/yoast.com\/wordpress\/plugins\/seo\/ -->\n<title>Recicrea - DreamsKata<\/title>\n<meta name=\"robots\" content=\"index, follow, max-snippet:-1, max-image-preview:large, max-video-preview:-1\" \/>\n<link rel=\"canonical\" href=\"https:\/\/kataproducciones.es\/dreamskata\/recicrea\/\" \/>\n<meta property=\"og:locale\" content=\"es_ES\" \/>\n<meta property=\"og:type\" content=\"article\" \/>\n<meta property=\"og:title\" content=\"Recicrea - DreamsKata\" \/>\n<meta property=\"og:description\" content=\"Dise\u00f1amos talleres para las personas m\u00e1s peques, de 6 a 11 a\u00f1os aproximadamente, donde podr\u00e1n cambiar el final de sus cuentos favoritos, [&hellip;]\" \/>\n<meta property=\"og:url\" content=\"https:\/\/kataproducciones.es\/dreamskata\/recicrea\/\" \/>\n<meta property=\"og:site_name\" content=\"DreamsKata\" \/>\n<meta property=\"article:modified_time\" content=\"2023-08-31T21:36:58+00:00\" \/>\n<meta name=\"twitter:card\" content=\"summary_large_image\" \/>\n<meta name=\"twitter:label1\" content=\"Tiempo de lectura\" \/>\n\t<meta name=\"twitter:data1\" content=\"1 minuto\" \/>\n<script type=\"application\/ld+json\" class=\"yoast-schema-graph\">{\"@context\":\"https:\/\/schema.org\",\"@graph\":[{\"@type\":\"WebPage\",\"@id\":\"https:\/\/kataproducciones.es\/dreamskata\/recicrea\/\",\"url\":\"https:\/\/kataproducciones.es\/dreamskata\/recicrea\/\",\"name\":\"Recicrea - DreamsKata\",\"isPartOf\":{\"@id\":\"https:\/\/kataproducciones.es\/dreamskata\/#website\"},\"datePublished\":\"2019-11-17T22:35:00+00:00\",\"dateModified\":\"2023-08-31T21:36:58+00:00\",\"breadcrumb\":{\"@id\":\"https:\/\/kataproducciones.es\/dreamskata\/recicrea\/#breadcrumb\"},\"inLanguage\":\"es\",\"potentialAction\":[{\"@type\":\"ReadAction\",\"target\":[\"https:\/\/kataproducciones.es\/dreamskata\/recicrea\/\"]}]},{\"@type\":\"BreadcrumbList\",\"@id\":\"https:\/\/kataproducciones.es\/dreamskata\/recicrea\/#breadcrumb\",\"itemListElement\":[{\"@type\":\"ListItem\",\"position\":1,\"name\":\"Portada\",\"item\":\"https:\/\/kataproducciones.es\/dreamskata\/\"},{\"@type\":\"ListItem\",\"position\":2,\"name\":\"Recicrea\"}]},{\"@type\":\"WebSite\",\"@id\":\"https:\/\/kataproducciones.es\/dreamskata\/#website\",\"url\":\"https:\/\/kataproducciones.es\/dreamskata\/\",\"name\":\"DreamsKata\",\"description\":\"\",\"potentialAction\":[{\"@type\":\"SearchAction\",\"target\":{\"@type\":\"EntryPoint\",\"urlTemplate\":\"https:\/\/kataproducciones.es\/dreamskata\/?s={search_term_string}\"},\"query-input\":{\"@type\":\"PropertyValueSpecification\",\"valueRequired\":true,\"valueName\":\"search_term_string\"}}],\"inLanguage\":\"es\"}]}<\/script>\n<!-- \/ Yoast SEO plugin. -->","yoast_head_json":{"title":"Recicrea - DreamsKata","robots":{"index":"index","follow":"follow","max-snippet":"max-snippet:-1","max-image-preview":"max-image-preview:large","max-video-preview":"max-video-preview:-1"},"canonical":"https:\/\/kataproducciones.es\/dreamskata\/recicrea\/","og_locale":"es_ES","og_type":"article","og_title":"Recicrea - DreamsKata","og_description":"Dise\u00f1amos talleres para las personas m\u00e1s peques, de 6 a 11 a\u00f1os aproximadamente, donde podr\u00e1n cambiar el final de sus cuentos favoritos, [&hellip;]","og_url":"https:\/\/kataproducciones.es\/dreamskata\/recicrea\/","og_site_name":"DreamsKata","article_modified_time":"2023-08-31T21:36:58+00:00","twitter_card":"summary_large_image","twitter_misc":{"Tiempo de lectura":"1 minuto"},"schema":{"@context":"https:\/\/schema.org","@graph":[{"@type":"WebPage","@id":"https:\/\/kataproducciones.es\/dreamskata\/recicrea\/","url":"https:\/\/kataproducciones.es\/dreamskata\/recicrea\/","name":"Recicrea - DreamsKata","isPartOf":{"@id":"https:\/\/kataproducciones.es\/dreamskata\/#website"},"datePublished":"2019-11-17T22:35:00+00:00","dateModified":"2023-08-31T21:36:58+00:00","breadcrumb":{"@id":"https:\/\/kataproducciones.es\/dreamskata\/recicrea\/#breadcrumb"},"inLanguage":"es","potentialAction":[{"@type":"ReadAction","target":["https:\/\/kataproducciones.es\/dreamskata\/recicrea\/"]}]},{"@type":"BreadcrumbList","@id":"https:\/\/kataproducciones.es\/dreamskata\/recicrea\/#breadcrumb","itemListElement":[{"@type":"ListItem","position":1,"name":"Portada","item":"https:\/\/kataproducciones.es\/dreamskata\/"},{"@type":"ListItem","position":2,"name":"Recicrea"}]},{"@type":"WebSite","@id":"https:\/\/kataproducciones.es\/dreamskata\/#website","url":"https:\/\/kataproducciones.es\/dreamskata\/","name":"DreamsKata","description":"","potentialAction":[{"@type":"SearchAction","target":{"@type":"EntryPoint","urlTemplate":"https:\/\/kataproducciones.es\/dreamskata\/?s={search_term_string}"},"query-input":{"@type":"PropertyValueSpecification","valueRequired":true,"valueName":"search_term_string"}}],"inLanguage":"es"}]}},"_links":{"self":[{"href":"https:\/\/kataproducciones.es\/dreamskata\/wp-json\/wp\/v2\/pages\/107","targetHints":{"allow":["GET"]}}],"collection":[{"href":"https:\/\/kataproducciones.es\/dreamskata\/wp-json\/wp\/v2\/pages"}],"about":[{"href":"https:\/\/kataproducciones.es\/dreamskata\/wp-json\/wp\/v2\/types\/page"}],"author":[{"embeddable":true,"href":"https:\/\/kataproducciones.es\/dreamskata\/wp-json\/wp\/v2\/users\/1"}],"replies":[{"embeddable":true,"href":"https:\/\/kataproducciones.es\/dreamskata\/wp-json\/wp\/v2\/comments?post=107"}],"version-history":[{"count":1,"href":"https:\/\/kataproducciones.es\/dreamskata\/wp-json\/wp\/v2\/pages\/107\/revisions"}],"predecessor-version":[{"id":108,"href":"https:\/\/kataproducciones.es\/dreamskata\/wp-json\/wp\/v2\/pages\/107\/revisions\/108"}],"wp:attachment":[{"href":"https:\/\/kataproducciones.es\/dreamskata\/wp-json\/wp\/v2\/media?parent=107"}],"curies":[{"name":"wp","href":"https:\/\/api.w.org\/{rel}","templated":true}]}}